{"id":6688,"date":"2013-12-13T11:06:17","date_gmt":"2013-12-13T11:06:17","guid":{"rendered":"http:\/\/demo.qodeinteractive.com\/elision\/?page_id=6688"},"modified":"2023-06-24T08:14:58","modified_gmt":"2023-06-24T06:14:58","slug":"dark-template","status":"publish","type":"page","link":"https:\/\/bartel-transporte.de\/","title":{"rendered":"Home"},"content":{"rendered":"<section class=\"wpb-content-wrapper\">[vc_row row_type=&#8220;row&#8220; text_align=&#8220;left&#8220; css_animation=&#8220;&#8220; css=&#8220;.vc_custom_1687586413209{background-color: #171717 !important;}&#8220;][vc_column width=&#8220;1\/4&#8243;][\/vc_column][vc_column width=&#8220;1\/2&#8243;][vc_column_text]\n<h3 style=\"text-align: center;\"><span style=\"color: #ffffff;\">Unser Internetauftritt wird gerade \u00fcberarbeitet.<\/span><br \/>\n<span style=\"color: #ffffff;\">Die Seite wird demn\u00e4chst wieder erreichbar sein.<\/span><br \/>\n<span style=\"color: #ffffff;\">Dann werden Ihnen neue Inhalte zur Verf\u00fcgung stehen.<\/span><br \/>\n<span style=\"color: #ffffff;\">Wir danken fuer Ihre Aufmerksamkeit.<\/span><\/h3>\n[\/vc_column_text][\/vc_column][vc_column width=&#8220;1\/4&#8243;][\/vc_column][\/vc_row]\n<\/section>","protected":false},"excerpt":{"rendered":"<p>[vc_row row_type=&#8220;row&#8220; text_align=&#8220;left&#8220; css_animation=&#8220;&#8220; css=&#8220;.vc_custom_1687586413209{background-color: #171717 !important;}&#8220;][vc_column width=&#8220;1\/4&#8243;][\/vc_column][vc_column width=&#8220;1\/2&#8243;][vc_column_text] Unser Internetauftritt wird gerade \u00fcberarbeitet. Die Seite wird demn\u00e4chst wieder erreichbar sein. Dann werden Ihnen neue Inhalte zur Verf\u00fcgung stehen. Wir danken fuer Ihre Aufmerksamkeit. [\/vc_column_text][\/vc_column][vc_column width=&#8220;1\/4&#8243;][\/vc_column][\/vc_row]<\/p>\n","protected":false},"author":1,"featured_media":0,"parent":0,"menu_order":0,"comment_status":"open","ping_status":"closed","template":"full_width.php","meta":[],"_links":{"self":[{"href":"https:\/\/bartel-transporte.de\/index.php?rest_route=\/wp\/v2\/pages\/6688"}],"collection":[{"href":"https:\/\/bartel-transporte.de\/index.php?rest_route=\/wp\/v2\/pages"}],"about":[{"href":"https:\/\/bartel-transporte.de\/index.php?rest_route=\/wp\/v2\/types\/page"}],"author":[{"embeddable":true,"href":"https:\/\/bartel-transporte.de\/index.php?rest_route=\/wp\/v2\/users\/1"}],"replies":[{"embeddable":true,"href":"https:\/\/bartel-transporte.de\/index.php?rest_route=%2Fwp%2Fv2%2Fcomments&post=6688"}],"version-history":[{"count":11,"href":"https:\/\/bartel-transporte.de\/index.php?rest_route=\/wp\/v2\/pages\/6688\/revisions"}],"predecessor-version":[{"id":7338,"href":"https:\/\/bartel-transporte.de\/index.php?rest_route=\/wp\/v2\/pages\/6688\/revisions\/7338"}],"wp:attachment":[{"href":"https:\/\/bartel-transporte.de\/index.php?rest_route=%2Fwp%2Fv2%2Fmedia&parent=6688"}],"curies":[{"name":"wp","href":"https:\/\/api.w.org\/{rel}","templated":true}]}}